
{"id":9824,"date":"2019-08-26T17:23:25","date_gmt":"2019-08-26T15:23:25","guid":{"rendered":"http:\/\/www.comercialanma.es\/?post_type=product&#038;p=9824"},"modified":"2019-08-26T17:45:45","modified_gmt":"2019-08-26T15:45:45","slug":"champagne-moet-chandon-ice-imperial-rose-75cl","status":"publish","type":"product","link":"https:\/\/www.comercialanma.es\/?product=champagne-moet-chandon-ice-imperial-rose-75cl","title":{"rendered":"Champagne Mo\u00ebt &#038; Chandon Ice Imperial Ros\u00e9 75cl."},"content":{"rendered":"<h3>D.O.:<\/h3>\n<ul>\n<li>Champagne<\/li>\n<\/ul>\n<h3>Variedad:<\/h3>\n<ul>\n<li>Chardonnay, Pinot Noir, Pinot Meunier.<\/li>\n<\/ul>\n<h3>Nota de cata:<\/h3>\n<ul>\n<li>Es este un champagne con un color reluciente rosa vivo, con reflejos dorados.<\/li>\n<li>En nariz encontramos un aroma afrutado, principalmente con aromas de frutos rojos fragantes y cerezas Morello como las cerezas y los ar\u00e1ndanos. Tenemos matices de frutas jugosas de verano como el higo y la nectarina. Tambi\u00e9n nos topamos con una nota apetitosa de granadina.<\/li>\n<li>En boca es exquisito combinando dulzura y firmeza. En paso por boca esta dulzura arom\u00e1tica de frutas rojas se dispersa y se vuelve m\u00e1s ligera, encontrando un equilibrio armonioso de frutosidad y frescura. MOET &amp; CHANDON ICE ROSE IMPERIAL tiene un final refrescante, con una nota deliciosamente agridulce de pomelo rosa.<\/li>\n<li>Graduaci\u00f3n: 13% vol.<\/li>\n<\/ul>\n<div>\n<div><\/div>\n<\/div>\n<div><\/div>\n<div class=\"field\"><\/div>\n","protected":false},"excerpt":{"rendered":"<div id=\"short_description_content\">MOET &amp; CHANDON ICE ROSE IMPERIAL es el primer y \u00fanico champ\u00e1n rosado especialmente creado para ser disfrutado con hielo. Una nueva experiencia de degustaci\u00f3n de champagne que re\u00fane placer, la frescura y el esp\u00edritu libre de la hora de verano.<br \/>\nEl perfil de los vinos para el coupage se ha elegido minuciosamente seg\u00fan su aportaci\u00f3n espec\u00edfica, incidiendo sobre todo en la Pinot Noir con entre un 45 y un 55%, de los cuales el 10% es vino tinto.Angular y vinoso, estos vinos se eligieron tanto por la intensidad de la fruta y como por la integraci\u00f3n del dosage. Con un entre 35 y 45% tenemos la Pinot Meunier, de los cuales un 10% es vino tinto. Redondo y carnoso, estos vinos se seleccionaron para agregar riqueza y notas medias de armon\u00eda y flexibilidad. Finalmete tenemos la Chardonnay con entre un 5 y un 10 % con una acidez pulida, para un final refrescante. Del 20% al 30% son vinos reserva seleccionados para mejorar el coupage y completar su intensidad, riqueza y constancia.<\/div>\n","protected":false},"featured_media":9825,"template":"","meta":{"spay_email":""},"yoast_head":"<!-- This site is optimized with the Yoast SEO plugin v15.9 - https:\/\/yoast.com\/wordpress\/plugins\/seo\/ -->\n<title>Champagne Mo\u00ebt &amp; Chandon Ice Imperial Ros\u00e9 75cl. - Comercial de Hosteleria Anma<\/title>\n<meta name=\"robots\" content=\"index, follow, max-snippet:-1, max-image-preview:large, max-video-preview:-1\" \/>\n<link rel=\"canonical\" href=\"https:\/\/www.comercialanma.es\/?product=champagne-moet-chandon-ice-imperial-rose-75cl\" \/>\n<meta property=\"og:locale\" content=\"es_ES\" \/>\n<meta property=\"og:type\" content=\"article\" \/>\n<meta property=\"og:title\" content=\"Champagne Mo\u00ebt &amp; Chandon Ice Imperial Ros\u00e9 75cl. - Comercial de Hosteleria Anma\" \/>\n<meta property=\"og:description\" content=\"MOET &amp; CHANDON ICE ROSE IMPERIAL es el primer y \u00fanico champ\u00e1n rosado especialmente creado para ser disfrutado con hielo. Una nueva experiencia de degustaci\u00f3n de champagne que re\u00fane placer, la frescura y el esp\u00edritu libre de la hora de verano. El perfil de los vinos para el coupage se ha elegido minuciosamente seg\u00fan su aportaci\u00f3n espec\u00edfica, incidiendo sobre todo en la Pinot Noir con entre un 45 y un 55%, de los cuales el 10% es vino tinto.Angular y vinoso, estos vinos se eligieron tanto por la intensidad de la fruta y como por la integraci\u00f3n del dosage. Con un entre 35 y 45% tenemos la Pinot Meunier, de los cuales un 10% es vino tinto. Redondo y carnoso, estos vinos se seleccionaron para agregar riqueza y notas medias de armon\u00eda y flexibilidad. Finalmete tenemos la Chardonnay con entre un 5 y un 10 % con una acidez pulida, para un final refrescante. Del 20% al 30% son vinos reserva seleccionados para mejorar el coupage y completar su intensidad, riqueza y constancia.\" \/>\n<meta property=\"og:url\" content=\"https:\/\/www.comercialanma.es\/?product=champagne-moet-chandon-ice-imperial-rose-75cl\" \/>\n<meta property=\"og:site_name\" content=\"Comercial de Hosteleria Anma\" \/>\n<meta property=\"article:publisher\" content=\"https:\/\/www.facebook.com\/AnmaHosteleria\" \/>\n<meta property=\"article:modified_time\" content=\"2019-08-26T15:45:45+00:00\" \/>\n<meta property=\"og:image\" content=\"https:\/\/i0.wp.com\/www.comercialanma.es\/wp-content\/uploads\/2019\/08\/Moet-Chandon-Ice-Imperial-Rose.jpg?fit=1200%2C1200&#038;ssl=1\" \/>\n\t<meta property=\"og:image:width\" content=\"1200\" \/>\n\t<meta property=\"og:image:height\" content=\"1200\" \/>\n<meta name=\"twitter:card\" content=\"summary_large_image\" \/>\n<meta name=\"twitter:label1\" content=\"Tiempo de lectura\">\n\t<meta name=\"twitter:data1\" content=\"1 minuto\">\n<script type=\"application\/ld+json\" class=\"yoast-schema-graph\">{\"@context\":\"https:\/\/schema.org\",\"@graph\":[{\"@type\":\"Organization\",\"@id\":\"https:\/\/www.comercialanma.es\/#organization\",\"name\":\"Comercial Anma\",\"url\":\"https:\/\/www.comercialanma.es\/\",\"sameAs\":[\"https:\/\/www.facebook.com\/AnmaHosteleria\",\"https:\/\/www.instagram.com\/anmahosteleria\/?hl=es\",\"https:\/\/www.youtube.com\/channel\/UCT2nmn08Ntks0hmpZPnDgCA\"],\"logo\":{\"@type\":\"ImageObject\",\"@id\":\"https:\/\/www.comercialanma.es\/#logo\",\"inLanguage\":\"es\",\"url\":\"https:\/\/i2.wp.com\/www.comercialanma.es\/wp-content\/uploads\/2019\/06\/logo-anma-color.png?fit=247%2C101&ssl=1\",\"width\":247,\"height\":101,\"caption\":\"Comercial Anma\"},\"image\":{\"@id\":\"https:\/\/www.comercialanma.es\/#logo\"}},{\"@type\":\"WebSite\",\"@id\":\"https:\/\/www.comercialanma.es\/#website\",\"url\":\"https:\/\/www.comercialanma.es\/\",\"name\":\"Comercial de Hosteleria Anma\",\"description\":\"\",\"publisher\":{\"@id\":\"https:\/\/www.comercialanma.es\/#organization\"},\"potentialAction\":[{\"@type\":\"SearchAction\",\"target\":\"https:\/\/www.comercialanma.es\/?s={search_term_string}\",\"query-input\":\"required name=search_term_string\"}],\"inLanguage\":\"es\"},{\"@type\":\"ImageObject\",\"@id\":\"https:\/\/www.comercialanma.es\/?product=champagne-moet-chandon-ice-imperial-rose-75cl#primaryimage\",\"inLanguage\":\"es\",\"url\":\"https:\/\/i0.wp.com\/www.comercialanma.es\/wp-content\/uploads\/2019\/08\/Moet-Chandon-Ice-Imperial-Rose.jpg?fit=1200%2C1200&ssl=1\",\"width\":1200,\"height\":1200},{\"@type\":\"WebPage\",\"@id\":\"https:\/\/www.comercialanma.es\/?product=champagne-moet-chandon-ice-imperial-rose-75cl#webpage\",\"url\":\"https:\/\/www.comercialanma.es\/?product=champagne-moet-chandon-ice-imperial-rose-75cl\",\"name\":\"Champagne Mo\\u00ebt & Chandon Ice Imperial Ros\\u00e9 75cl. - Comercial de Hosteleria Anma\",\"isPartOf\":{\"@id\":\"https:\/\/www.comercialanma.es\/#website\"},\"primaryImageOfPage\":{\"@id\":\"https:\/\/www.comercialanma.es\/?product=champagne-moet-chandon-ice-imperial-rose-75cl#primaryimage\"},\"datePublished\":\"2019-08-26T15:23:25+00:00\",\"dateModified\":\"2019-08-26T15:45:45+00:00\",\"breadcrumb\":{\"@id\":\"https:\/\/www.comercialanma.es\/?product=champagne-moet-chandon-ice-imperial-rose-75cl#breadcrumb\"},\"inLanguage\":\"es\",\"potentialAction\":[{\"@type\":\"ReadAction\",\"target\":[\"https:\/\/www.comercialanma.es\/?product=champagne-moet-chandon-ice-imperial-rose-75cl\"]}]},{\"@type\":\"BreadcrumbList\",\"@id\":\"https:\/\/www.comercialanma.es\/?product=champagne-moet-chandon-ice-imperial-rose-75cl#breadcrumb\",\"itemListElement\":[{\"@type\":\"ListItem\",\"position\":1,\"item\":{\"@type\":\"WebPage\",\"@id\":\"https:\/\/www.comercialanma.es\/\",\"url\":\"https:\/\/www.comercialanma.es\/\",\"name\":\"Portada\"}},{\"@type\":\"ListItem\",\"position\":2,\"item\":{\"@type\":\"WebPage\",\"@id\":\"https:\/\/www.comercialanma.es\/?page_id=3963\",\"url\":\"https:\/\/www.comercialanma.es\/?page_id=3963\",\"name\":\"Cat\\u00e1logo de Productos\"}},{\"@type\":\"ListItem\",\"position\":3,\"item\":{\"@type\":\"WebPage\",\"@id\":\"https:\/\/www.comercialanma.es\/?product=champagne-moet-chandon-ice-imperial-rose-75cl\",\"url\":\"https:\/\/www.comercialanma.es\/?product=champagne-moet-chandon-ice-imperial-rose-75cl\",\"name\":\"Champagne Mo\\u00ebt &#038; Chandon Ice Imperial Ros\\u00e9 75cl.\"}}]}]}<\/script>\n<!-- \/ Yoast SEO plugin. -->","_links":{"self":[{"href":"https:\/\/www.comercialanma.es\/index.php?rest_route=\/wp\/v2\/product\/9824"}],"collection":[{"href":"https:\/\/www.comercialanma.es\/index.php?rest_route=\/wp\/v2\/product"}],"about":[{"href":"https:\/\/www.comercialanma.es\/index.php?rest_route=\/wp\/v2\/types\/product"}],"version-history":[{"count":1,"href":"https:\/\/www.comercialanma.es\/index.php?rest_route=\/wp\/v2\/product\/9824\/revisions"}],"predecessor-version":[{"id":9826,"href":"https:\/\/www.comercialanma.es\/index.php?rest_route=\/wp\/v2\/product\/9824\/revisions\/9826"}],"wp:featuredmedia":[{"embeddable":true,"href":"https:\/\/www.comercialanma.es\/index.php?rest_route=\/wp\/v2\/media\/9825"}],"wp:attachment":[{"href":"https:\/\/www.comercialanma.es\/index.php?rest_route=%2Fwp%2Fv2%2Fmedia&parent=9824"}],"curies":[{"name":"wp","href":"https:\/\/api.w.org\/{rel}","templated":true}]}}