
{"id":9858,"date":"2019-08-27T09:46:19","date_gmt":"2019-08-27T07:46:19","guid":{"rendered":"http:\/\/www.comercialanma.es\/?post_type=product&#038;p=9858"},"modified":"2020-12-30T11:43:16","modified_gmt":"2020-12-30T10:43:16","slug":"champagne-dom-ruinart-millesime-1996-estuche-75cl","status":"publish","type":"product","link":"https:\/\/www.comercialanma.es\/?product=champagne-dom-ruinart-millesime-1996-estuche-75cl","title":{"rendered":"Champagne Dom Ruinart Mill\u00e9sime 1996 Estuche 75cl."},"content":{"rendered":"<h3>D.O.:<\/h3>\n<ul>\n<li>Champagne<\/li>\n<\/ul>\n<h3>Variedad:<\/h3>\n<ul>\n<li>Chardonnay 100%.<\/li>\n<\/ul>\n<h3>Nota de cata:<\/h3>\n<div>\n<ul>\n<li>Un champagne de gran presencia y car\u00e1cter, de ricos matices arom\u00e1ticos, agradable e intenso a la vez.<\/li>\n<li>Se sugiere servir a 10\u00ba, acompa\u00f1ando pescados blancos y mariscos.<\/li>\n<li>Graduaci\u00f3n: 13% vol.<\/li>\n<\/ul>\n<\/div>\n<div>\n<div><\/div>\n<\/div>\n<div><\/div>\n<div class=\"field\"><\/div>\n","protected":false},"excerpt":{"rendered":"<p>Asentada en el centro de Reims, la casa Ruinart es uno de los pilares de la tradici\u00f3n champenoise, fundamentado en el equilibrio, la persistencia y la elegancia. Dentro de este esp\u00edritu, la presencia preponderante de la chardonnay resulta primordial, sobre todo en la gama m\u00e1s alta de la casa, Dom Ruinart.<br \/>\nBlanc de blancs (100% chardonnay), la a\u00f1ada 1996 exhibe las cualidades excepcionales de la cosecha, complementando la elegancia de las uvas recogidas en las mejores parcelas de la C\u00f4te des Blancs con la estructura de las que proceden de la Montagne de Reims.<\/p>\n","protected":false},"featured_media":9859,"template":"","meta":{"spay_email":""},"yoast_head":"<!-- This site is optimized with the Yoast SEO plugin v15.9 - https:\/\/yoast.com\/wordpress\/plugins\/seo\/ -->\n<title>Champagne Dom Ruinart Mill\u00e9sime 1996 Estuche 75cl. - Comercial de Hosteleria Anma<\/title>\n<meta name=\"robots\" content=\"index, follow, max-snippet:-1, max-image-preview:large, max-video-preview:-1\" \/>\n<link rel=\"canonical\" href=\"https:\/\/www.comercialanma.es\/?product=champagne-dom-ruinart-millesime-1996-estuche-75cl\" \/>\n<meta property=\"og:locale\" content=\"es_ES\" \/>\n<meta property=\"og:type\" content=\"article\" \/>\n<meta property=\"og:title\" content=\"Champagne Dom Ruinart Mill\u00e9sime 1996 Estuche 75cl. - Comercial de Hosteleria Anma\" \/>\n<meta property=\"og:description\" content=\"Asentada en el centro de Reims, la casa Ruinart es uno de los pilares de la tradici\u00f3n champenoise, fundamentado en el equilibrio, la persistencia y la elegancia. Dentro de este esp\u00edritu, la presencia preponderante de la chardonnay resulta primordial, sobre todo en la gama m\u00e1s alta de la casa, Dom Ruinart. Blanc de blancs (100% chardonnay), la a\u00f1ada 1996 exhibe las cualidades excepcionales de la cosecha, complementando la elegancia de las uvas recogidas en las mejores parcelas de la C\u00f4te des Blancs con la estructura de las que proceden de la Montagne de Reims.\" \/>\n<meta property=\"og:url\" content=\"https:\/\/www.comercialanma.es\/?product=champagne-dom-ruinart-millesime-1996-estuche-75cl\" \/>\n<meta property=\"og:site_name\" content=\"Comercial de Hosteleria Anma\" \/>\n<meta property=\"article:publisher\" content=\"https:\/\/www.facebook.com\/AnmaHosteleria\" \/>\n<meta property=\"article:modified_time\" content=\"2020-12-30T10:43:16+00:00\" \/>\n<meta property=\"og:image\" content=\"https:\/\/i0.wp.com\/www.comercialanma.es\/wp-content\/uploads\/2019\/08\/Dom-Ruinart-96-Est.jpg?fit=1200%2C1200&#038;ssl=1\" \/>\n\t<meta property=\"og:image:width\" content=\"1200\" \/>\n\t<meta property=\"og:image:height\" content=\"1200\" \/>\n<meta name=\"twitter:card\" content=\"summary_large_image\" \/>\n<script type=\"application\/ld+json\" class=\"yoast-schema-graph\">{\"@context\":\"https:\/\/schema.org\",\"@graph\":[{\"@type\":\"Organization\",\"@id\":\"https:\/\/www.comercialanma.es\/#organization\",\"name\":\"Comercial Anma\",\"url\":\"https:\/\/www.comercialanma.es\/\",\"sameAs\":[\"https:\/\/www.facebook.com\/AnmaHosteleria\",\"https:\/\/www.instagram.com\/anmahosteleria\/?hl=es\",\"https:\/\/www.youtube.com\/channel\/UCT2nmn08Ntks0hmpZPnDgCA\"],\"logo\":{\"@type\":\"ImageObject\",\"@id\":\"https:\/\/www.comercialanma.es\/#logo\",\"inLanguage\":\"es\",\"url\":\"https:\/\/i2.wp.com\/www.comercialanma.es\/wp-content\/uploads\/2019\/06\/logo-anma-color.png?fit=247%2C101&ssl=1\",\"width\":247,\"height\":101,\"caption\":\"Comercial Anma\"},\"image\":{\"@id\":\"https:\/\/www.comercialanma.es\/#logo\"}},{\"@type\":\"WebSite\",\"@id\":\"https:\/\/www.comercialanma.es\/#website\",\"url\":\"https:\/\/www.comercialanma.es\/\",\"name\":\"Comercial de Hosteleria Anma\",\"description\":\"\",\"publisher\":{\"@id\":\"https:\/\/www.comercialanma.es\/#organization\"},\"potentialAction\":[{\"@type\":\"SearchAction\",\"target\":\"https:\/\/www.comercialanma.es\/?s={search_term_string}\",\"query-input\":\"required name=search_term_string\"}],\"inLanguage\":\"es\"},{\"@type\":\"ImageObject\",\"@id\":\"https:\/\/www.comercialanma.es\/?product=champagne-dom-ruinart-millesime-1996-estuche-75cl#primaryimage\",\"inLanguage\":\"es\",\"url\":\"https:\/\/i0.wp.com\/www.comercialanma.es\/wp-content\/uploads\/2019\/08\/Dom-Ruinart-96-Est.jpg?fit=1200%2C1200&ssl=1\",\"width\":1200,\"height\":1200},{\"@type\":\"WebPage\",\"@id\":\"https:\/\/www.comercialanma.es\/?product=champagne-dom-ruinart-millesime-1996-estuche-75cl#webpage\",\"url\":\"https:\/\/www.comercialanma.es\/?product=champagne-dom-ruinart-millesime-1996-estuche-75cl\",\"name\":\"Champagne Dom Ruinart Mill\\u00e9sime 1996 Estuche 75cl. - Comercial de Hosteleria Anma\",\"isPartOf\":{\"@id\":\"https:\/\/www.comercialanma.es\/#website\"},\"primaryImageOfPage\":{\"@id\":\"https:\/\/www.comercialanma.es\/?product=champagne-dom-ruinart-millesime-1996-estuche-75cl#primaryimage\"},\"datePublished\":\"2019-08-27T07:46:19+00:00\",\"dateModified\":\"2020-12-30T10:43:16+00:00\",\"breadcrumb\":{\"@id\":\"https:\/\/www.comercialanma.es\/?product=champagne-dom-ruinart-millesime-1996-estuche-75cl#breadcrumb\"},\"inLanguage\":\"es\",\"potentialAction\":[{\"@type\":\"ReadAction\",\"target\":[\"https:\/\/www.comercialanma.es\/?product=champagne-dom-ruinart-millesime-1996-estuche-75cl\"]}]},{\"@type\":\"BreadcrumbList\",\"@id\":\"https:\/\/www.comercialanma.es\/?product=champagne-dom-ruinart-millesime-1996-estuche-75cl#breadcrumb\",\"itemListElement\":[{\"@type\":\"ListItem\",\"position\":1,\"item\":{\"@type\":\"WebPage\",\"@id\":\"https:\/\/www.comercialanma.es\/\",\"url\":\"https:\/\/www.comercialanma.es\/\",\"name\":\"Portada\"}},{\"@type\":\"ListItem\",\"position\":2,\"item\":{\"@type\":\"WebPage\",\"@id\":\"https:\/\/www.comercialanma.es\/?page_id=3963\",\"url\":\"https:\/\/www.comercialanma.es\/?page_id=3963\",\"name\":\"Cat\\u00e1logo de Productos\"}},{\"@type\":\"ListItem\",\"position\":3,\"item\":{\"@type\":\"WebPage\",\"@id\":\"https:\/\/www.comercialanma.es\/?product=champagne-dom-ruinart-millesime-1996-estuche-75cl\",\"url\":\"https:\/\/www.comercialanma.es\/?product=champagne-dom-ruinart-millesime-1996-estuche-75cl\",\"name\":\"Champagne Dom Ruinart Mill\\u00e9sime 1996 Estuche 75cl.\"}}]}]}<\/script>\n<!-- \/ Yoast SEO plugin. -->","_links":{"self":[{"href":"https:\/\/www.comercialanma.es\/index.php?rest_route=\/wp\/v2\/product\/9858"}],"collection":[{"href":"https:\/\/www.comercialanma.es\/index.php?rest_route=\/wp\/v2\/product"}],"about":[{"href":"https:\/\/www.comercialanma.es\/index.php?rest_route=\/wp\/v2\/types\/product"}],"version-history":[{"count":2,"href":"https:\/\/www.comercialanma.es\/index.php?rest_route=\/wp\/v2\/product\/9858\/revisions"}],"predecessor-version":[{"id":14891,"href":"https:\/\/www.comercialanma.es\/index.php?rest_route=\/wp\/v2\/product\/9858\/revisions\/14891"}],"wp:featuredmedia":[{"embeddable":true,"href":"https:\/\/www.comercialanma.es\/index.php?rest_route=\/wp\/v2\/media\/9859"}],"wp:attachment":[{"href":"https:\/\/www.comercialanma.es\/index.php?rest_route=%2Fwp%2Fv2%2Fmedia&parent=9858"}],"curies":[{"name":"wp","href":"https:\/\/api.w.org\/{rel}","templated":true}]}}