
{"id":9861,"date":"2019-08-27T09:54:36","date_gmt":"2019-08-27T07:54:36","guid":{"rendered":"http:\/\/www.comercialanma.es\/?post_type=product&#038;p=9861"},"modified":"2019-08-27T11:19:35","modified_gmt":"2019-08-27T09:19:35","slug":"champagne-dom-ruinart-blanc-de-blancs-75cl","status":"publish","type":"product","link":"https:\/\/www.comercialanma.es\/?product=champagne-dom-ruinart-blanc-de-blancs-75cl","title":{"rendered":"Champagne Dom Ruinart Blanc de Blancs 75cl."},"content":{"rendered":"<h3>D.O.:<\/h3>\n<ul>\n<li>Champagne<\/li>\n<\/ul>\n<h3>Variedad:<\/h3>\n<ul>\n<li>Chardonnay 100%.<\/li>\n<\/ul>\n<h3>Nota de cata:<\/h3>\n<ul>\n<li>Color: De color amarillo p\u00e1lido, se inicia con una burbuja muy gruesa que desaparece pronto quedando diminuta y formando corona.<\/li>\n<li>Aroma: Est\u00e1 cerrado, le cuesta abrirse, cuando lo hace aparece un aroma intenso y profundo. Almendras y pistachos con un excelente fondo c\u00edtrico y floral, manzana fresca. Alta complejidad.<\/li>\n<li>Gusto: Boca tensa y potente, carb\u00f3nico muy bien integrado. Muy equilibrado y fine muy largo.<\/li>\n<li>Graduaci\u00f3n: 12,5% vol.<\/li>\n<\/ul>\n<div>\n<div><\/div>\n<\/div>\n<div><\/div>\n<div class=\"field\"><\/div>\n","protected":false},"excerpt":{"rendered":"<p>Fundada en el 1729, Ruinart fue la primera Maison de Champagne. Durante m\u00e1s de dos siglos, la familia, convertida en noble (pas\u00f3 a llamarse Ruinart de Brimont en el 1817) ha dirigido la Maison con la misma constancia. El chardonnay es el alma de los Ruinart. Esta variedad, procedente principalmente de la C\u00f4te diciembre Blancos y de la monta\u00f1a de Reims, es el coraz\u00f3n de todos sus vinos base.<\/p>\n","protected":false},"featured_media":9895,"template":"","meta":{"spay_email":""},"yoast_head":"<!-- This site is optimized with the Yoast SEO plugin v15.9 - https:\/\/yoast.com\/wordpress\/plugins\/seo\/ -->\n<title>Champagne Dom Ruinart Blanc de Blancs 75cl. - Comercial de Hosteleria Anma<\/title>\n<meta name=\"robots\" content=\"index, follow, max-snippet:-1, max-image-preview:large, max-video-preview:-1\" \/>\n<link rel=\"canonical\" href=\"https:\/\/www.comercialanma.es\/?product=champagne-dom-ruinart-blanc-de-blancs-75cl\" \/>\n<meta property=\"og:locale\" content=\"es_ES\" \/>\n<meta property=\"og:type\" content=\"article\" \/>\n<meta property=\"og:title\" content=\"Champagne Dom Ruinart Blanc de Blancs 75cl. - Comercial de Hosteleria Anma\" \/>\n<meta property=\"og:description\" content=\"Fundada en el 1729, Ruinart fue la primera Maison de Champagne. Durante m\u00e1s de dos siglos, la familia, convertida en noble (pas\u00f3 a llamarse Ruinart de Brimont en el 1817) ha dirigido la Maison con la misma constancia. El chardonnay es el alma de los Ruinart. Esta variedad, procedente principalmente de la C\u00f4te diciembre Blancos y de la monta\u00f1a de Reims, es el coraz\u00f3n de todos sus vinos base.\" \/>\n<meta property=\"og:url\" content=\"https:\/\/www.comercialanma.es\/?product=champagne-dom-ruinart-blanc-de-blancs-75cl\" \/>\n<meta property=\"og:site_name\" content=\"Comercial de Hosteleria Anma\" \/>\n<meta property=\"article:publisher\" content=\"https:\/\/www.facebook.com\/AnmaHosteleria\" \/>\n<meta property=\"article:modified_time\" content=\"2019-08-27T09:19:35+00:00\" \/>\n<meta property=\"og:image\" content=\"https:\/\/i1.wp.com\/www.comercialanma.es\/wp-content\/uploads\/2019\/08\/Dom-Ruinart-Blanc-Blancs.jpg?fit=1200%2C1200&#038;ssl=1\" \/>\n\t<meta property=\"og:image:width\" content=\"1200\" \/>\n\t<meta property=\"og:image:height\" content=\"1200\" \/>\n<meta name=\"twitter:card\" content=\"summary_large_image\" \/>\n<script type=\"application\/ld+json\" class=\"yoast-schema-graph\">{\"@context\":\"https:\/\/schema.org\",\"@graph\":[{\"@type\":\"Organization\",\"@id\":\"https:\/\/www.comercialanma.es\/#organization\",\"name\":\"Comercial Anma\",\"url\":\"https:\/\/www.comercialanma.es\/\",\"sameAs\":[\"https:\/\/www.facebook.com\/AnmaHosteleria\",\"https:\/\/www.instagram.com\/anmahosteleria\/?hl=es\",\"https:\/\/www.youtube.com\/channel\/UCT2nmn08Ntks0hmpZPnDgCA\"],\"logo\":{\"@type\":\"ImageObject\",\"@id\":\"https:\/\/www.comercialanma.es\/#logo\",\"inLanguage\":\"es\",\"url\":\"https:\/\/i2.wp.com\/www.comercialanma.es\/wp-content\/uploads\/2019\/06\/logo-anma-color.png?fit=247%2C101&ssl=1\",\"width\":247,\"height\":101,\"caption\":\"Comercial Anma\"},\"image\":{\"@id\":\"https:\/\/www.comercialanma.es\/#logo\"}},{\"@type\":\"WebSite\",\"@id\":\"https:\/\/www.comercialanma.es\/#website\",\"url\":\"https:\/\/www.comercialanma.es\/\",\"name\":\"Comercial de Hosteleria Anma\",\"description\":\"\",\"publisher\":{\"@id\":\"https:\/\/www.comercialanma.es\/#organization\"},\"potentialAction\":[{\"@type\":\"SearchAction\",\"target\":\"https:\/\/www.comercialanma.es\/?s={search_term_string}\",\"query-input\":\"required name=search_term_string\"}],\"inLanguage\":\"es\"},{\"@type\":\"ImageObject\",\"@id\":\"https:\/\/www.comercialanma.es\/?product=champagne-dom-ruinart-blanc-de-blancs-75cl#primaryimage\",\"inLanguage\":\"es\",\"url\":\"https:\/\/i1.wp.com\/www.comercialanma.es\/wp-content\/uploads\/2019\/08\/Dom-Ruinart-Blanc-Blancs.jpg?fit=1200%2C1200&ssl=1\",\"width\":1200,\"height\":1200},{\"@type\":\"WebPage\",\"@id\":\"https:\/\/www.comercialanma.es\/?product=champagne-dom-ruinart-blanc-de-blancs-75cl#webpage\",\"url\":\"https:\/\/www.comercialanma.es\/?product=champagne-dom-ruinart-blanc-de-blancs-75cl\",\"name\":\"Champagne Dom Ruinart Blanc de Blancs 75cl. - Comercial de Hosteleria Anma\",\"isPartOf\":{\"@id\":\"https:\/\/www.comercialanma.es\/#website\"},\"primaryImageOfPage\":{\"@id\":\"https:\/\/www.comercialanma.es\/?product=champagne-dom-ruinart-blanc-de-blancs-75cl#primaryimage\"},\"datePublished\":\"2019-08-27T07:54:36+00:00\",\"dateModified\":\"2019-08-27T09:19:35+00:00\",\"breadcrumb\":{\"@id\":\"https:\/\/www.comercialanma.es\/?product=champagne-dom-ruinart-blanc-de-blancs-75cl#breadcrumb\"},\"inLanguage\":\"es\",\"potentialAction\":[{\"@type\":\"ReadAction\",\"target\":[\"https:\/\/www.comercialanma.es\/?product=champagne-dom-ruinart-blanc-de-blancs-75cl\"]}]},{\"@type\":\"BreadcrumbList\",\"@id\":\"https:\/\/www.comercialanma.es\/?product=champagne-dom-ruinart-blanc-de-blancs-75cl#breadcrumb\",\"itemListElement\":[{\"@type\":\"ListItem\",\"position\":1,\"item\":{\"@type\":\"WebPage\",\"@id\":\"https:\/\/www.comercialanma.es\/\",\"url\":\"https:\/\/www.comercialanma.es\/\",\"name\":\"Portada\"}},{\"@type\":\"ListItem\",\"position\":2,\"item\":{\"@type\":\"WebPage\",\"@id\":\"https:\/\/www.comercialanma.es\/?page_id=3963\",\"url\":\"https:\/\/www.comercialanma.es\/?page_id=3963\",\"name\":\"Cat\\u00e1logo de Productos\"}},{\"@type\":\"ListItem\",\"position\":3,\"item\":{\"@type\":\"WebPage\",\"@id\":\"https:\/\/www.comercialanma.es\/?product=champagne-dom-ruinart-blanc-de-blancs-75cl\",\"url\":\"https:\/\/www.comercialanma.es\/?product=champagne-dom-ruinart-blanc-de-blancs-75cl\",\"name\":\"Champagne Dom Ruinart Blanc de Blancs 75cl.\"}}]}]}<\/script>\n<!-- \/ Yoast SEO plugin. -->","_links":{"self":[{"href":"https:\/\/www.comercialanma.es\/index.php?rest_route=\/wp\/v2\/product\/9861"}],"collection":[{"href":"https:\/\/www.comercialanma.es\/index.php?rest_route=\/wp\/v2\/product"}],"about":[{"href":"https:\/\/www.comercialanma.es\/index.php?rest_route=\/wp\/v2\/types\/product"}],"version-history":[{"count":4,"href":"https:\/\/www.comercialanma.es\/index.php?rest_route=\/wp\/v2\/product\/9861\/revisions"}],"predecessor-version":[{"id":9896,"href":"https:\/\/www.comercialanma.es\/index.php?rest_route=\/wp\/v2\/product\/9861\/revisions\/9896"}],"wp:featuredmedia":[{"embeddable":true,"href":"https:\/\/www.comercialanma.es\/index.php?rest_route=\/wp\/v2\/media\/9895"}],"wp:attachment":[{"href":"https:\/\/www.comercialanma.es\/index.php?rest_route=%2Fwp%2Fv2%2Fmedia&parent=9861"}],"curies":[{"name":"wp","href":"https:\/\/api.w.org\/{rel}","templated":true}]}}