
{"id":9879,"date":"2019-08-27T10:35:22","date_gmt":"2019-08-27T08:35:22","guid":{"rendered":"http:\/\/www.comercialanma.es\/?post_type=product&#038;p=9879"},"modified":"2019-08-27T10:39:09","modified_gmt":"2019-08-27T08:39:09","slug":"champagne-g-h-mumm-cordon-rouge-brut-magnum-15l","status":"publish","type":"product","link":"https:\/\/www.comercialanma.es\/?product=champagne-g-h-mumm-cordon-rouge-brut-magnum-15l","title":{"rendered":"Champagne G.H. Mumm Cordon Rouge Brut Magnum 1,5L."},"content":{"rendered":"<h3>D.O.:<\/h3>\n<ul>\n<li>Champagne<\/li>\n<\/ul>\n<h3>Variedad:<\/h3>\n<ul>\n<li>Chardonnay, Pinot Noir, Pinot Meunier.<\/li>\n<\/ul>\n<h3>Nota de cata:<\/h3>\n<div>\n<ul>\n<li>Vista: Presenta a la vista burbujas abundantes pero finas y elegantes que ya demuestran la exquisitez de este champagne. Una capa fresca, amarillo dorada con reflejos de jade.<\/li>\n<li>Nariz: Intensos aromas de fruta blanca, notas c\u00edtricas y florales, toques de brioche y mantequilla con recuerdos almibarados.<\/li>\n<li>Boca: Buena entrada, con volumen, carb\u00f3nico bien integrado y notable acidez. Vuelven aromas que ya apreciamos en nariz, como la fruta blanca (manzana). Final persistente y sabroso.<\/li>\n<li>Graduaci\u00f3n: 12% vol.<\/li>\n<\/ul>\n<\/div>\n<div>\n<div><\/div>\n<\/div>\n<div>\n<div><\/div>\n<\/div>\n<div><\/div>\n<div class=\"field\"><\/div>\n","protected":false},"excerpt":{"rendered":"<div id=\"short_description_content\">La cuve\u00e9 m\u00e1s emblem\u00e1tica de la legendaria &#8216;maison&#8217; G.H.Mumm con predomino de Pinot noir, una fuerte presencia de Chardonnay y un toque de\u00a0Meunier, envejece durante\u00a030\u00a0meses en una galer\u00eda subterr\u00e1nea de 15 kil\u00f3metros de extensi\u00f3n. Didier Marotti y el equipo de en\u00f3logos de la casa son los encargados de perpetuar cada a\u00f1o el &#8216;coupage&#8217; final de este champagne, una mezcla que expresa complejidad, profundidad y esp\u00edritu de sofisticaci\u00f3n. Todo un icono listo para disfrutarlo solo o acompa\u00f1ado de todo tipo de platos.<\/div>\n","protected":false},"featured_media":9768,"template":"","meta":{"spay_email":""},"yoast_head":"<!-- This site is optimized with the Yoast SEO plugin v15.9 - https:\/\/yoast.com\/wordpress\/plugins\/seo\/ -->\n<title>Champagne G.H. Mumm Cordon Rouge Brut Magnum 1,5L. - Comercial de Hosteleria Anma<\/title>\n<meta name=\"robots\" content=\"index, follow, max-snippet:-1, max-image-preview:large, max-video-preview:-1\" \/>\n<link rel=\"canonical\" href=\"https:\/\/www.comercialanma.es\/?product=champagne-g-h-mumm-cordon-rouge-brut-magnum-15l\" \/>\n<meta property=\"og:locale\" content=\"es_ES\" \/>\n<meta property=\"og:type\" content=\"article\" \/>\n<meta property=\"og:title\" content=\"Champagne G.H. Mumm Cordon Rouge Brut Magnum 1,5L. - Comercial de Hosteleria Anma\" \/>\n<meta property=\"og:description\" content=\"La cuve\u00e9 m\u00e1s emblem\u00e1tica de la legendaria &#039;maison&#039; G.H.Mumm con predomino de Pinot noir, una fuerte presencia de Chardonnay y un toque de\u00a0Meunier, envejece durante\u00a030\u00a0meses en una galer\u00eda subterr\u00e1nea de 15 kil\u00f3metros de extensi\u00f3n. Didier Marotti y el equipo de en\u00f3logos de la casa son los encargados de perpetuar cada a\u00f1o el &#039;coupage&#039; final de este champagne, una mezcla que expresa complejidad, profundidad y esp\u00edritu de sofisticaci\u00f3n. Todo un icono listo para disfrutarlo solo o acompa\u00f1ado de todo tipo de platos.\" \/>\n<meta property=\"og:url\" content=\"https:\/\/www.comercialanma.es\/?product=champagne-g-h-mumm-cordon-rouge-brut-magnum-15l\" \/>\n<meta property=\"og:site_name\" content=\"Comercial de Hosteleria Anma\" \/>\n<meta property=\"article:publisher\" content=\"https:\/\/www.facebook.com\/AnmaHosteleria\" \/>\n<meta property=\"article:modified_time\" content=\"2019-08-27T08:39:09+00:00\" \/>\n<meta property=\"og:image\" content=\"https:\/\/i2.wp.com\/www.comercialanma.es\/wp-content\/uploads\/2019\/08\/Mumm-Cordon-Rouge-Brut.jpg?fit=1200%2C1200&#038;ssl=1\" \/>\n\t<meta property=\"og:image:width\" content=\"1200\" \/>\n\t<meta property=\"og:image:height\" content=\"1200\" \/>\n<meta name=\"twitter:card\" content=\"summary_large_image\" \/>\n<script type=\"application\/ld+json\" class=\"yoast-schema-graph\">{\"@context\":\"https:\/\/schema.org\",\"@graph\":[{\"@type\":\"Organization\",\"@id\":\"https:\/\/www.comercialanma.es\/#organization\",\"name\":\"Comercial Anma\",\"url\":\"https:\/\/www.comercialanma.es\/\",\"sameAs\":[\"https:\/\/www.facebook.com\/AnmaHosteleria\",\"https:\/\/www.instagram.com\/anmahosteleria\/?hl=es\",\"https:\/\/www.youtube.com\/channel\/UCT2nmn08Ntks0hmpZPnDgCA\"],\"logo\":{\"@type\":\"ImageObject\",\"@id\":\"https:\/\/www.comercialanma.es\/#logo\",\"inLanguage\":\"es\",\"url\":\"https:\/\/i2.wp.com\/www.comercialanma.es\/wp-content\/uploads\/2019\/06\/logo-anma-color.png?fit=247%2C101&ssl=1\",\"width\":247,\"height\":101,\"caption\":\"Comercial Anma\"},\"image\":{\"@id\":\"https:\/\/www.comercialanma.es\/#logo\"}},{\"@type\":\"WebSite\",\"@id\":\"https:\/\/www.comercialanma.es\/#website\",\"url\":\"https:\/\/www.comercialanma.es\/\",\"name\":\"Comercial de Hosteleria Anma\",\"description\":\"\",\"publisher\":{\"@id\":\"https:\/\/www.comercialanma.es\/#organization\"},\"potentialAction\":[{\"@type\":\"SearchAction\",\"target\":\"https:\/\/www.comercialanma.es\/?s={search_term_string}\",\"query-input\":\"required name=search_term_string\"}],\"inLanguage\":\"es\"},{\"@type\":\"ImageObject\",\"@id\":\"https:\/\/www.comercialanma.es\/?product=champagne-g-h-mumm-cordon-rouge-brut-magnum-15l#primaryimage\",\"inLanguage\":\"es\",\"url\":\"https:\/\/i2.wp.com\/www.comercialanma.es\/wp-content\/uploads\/2019\/08\/Mumm-Cordon-Rouge-Brut.jpg?fit=1200%2C1200&ssl=1\",\"width\":1200,\"height\":1200},{\"@type\":\"WebPage\",\"@id\":\"https:\/\/www.comercialanma.es\/?product=champagne-g-h-mumm-cordon-rouge-brut-magnum-15l#webpage\",\"url\":\"https:\/\/www.comercialanma.es\/?product=champagne-g-h-mumm-cordon-rouge-brut-magnum-15l\",\"name\":\"Champagne G.H. Mumm Cordon Rouge Brut Magnum 1,5L. - Comercial de Hosteleria Anma\",\"isPartOf\":{\"@id\":\"https:\/\/www.comercialanma.es\/#website\"},\"primaryImageOfPage\":{\"@id\":\"https:\/\/www.comercialanma.es\/?product=champagne-g-h-mumm-cordon-rouge-brut-magnum-15l#primaryimage\"},\"datePublished\":\"2019-08-27T08:35:22+00:00\",\"dateModified\":\"2019-08-27T08:39:09+00:00\",\"breadcrumb\":{\"@id\":\"https:\/\/www.comercialanma.es\/?product=champagne-g-h-mumm-cordon-rouge-brut-magnum-15l#breadcrumb\"},\"inLanguage\":\"es\",\"potentialAction\":[{\"@type\":\"ReadAction\",\"target\":[\"https:\/\/www.comercialanma.es\/?product=champagne-g-h-mumm-cordon-rouge-brut-magnum-15l\"]}]},{\"@type\":\"BreadcrumbList\",\"@id\":\"https:\/\/www.comercialanma.es\/?product=champagne-g-h-mumm-cordon-rouge-brut-magnum-15l#breadcrumb\",\"itemListElement\":[{\"@type\":\"ListItem\",\"position\":1,\"item\":{\"@type\":\"WebPage\",\"@id\":\"https:\/\/www.comercialanma.es\/\",\"url\":\"https:\/\/www.comercialanma.es\/\",\"name\":\"Portada\"}},{\"@type\":\"ListItem\",\"position\":2,\"item\":{\"@type\":\"WebPage\",\"@id\":\"https:\/\/www.comercialanma.es\/?page_id=3963\",\"url\":\"https:\/\/www.comercialanma.es\/?page_id=3963\",\"name\":\"Cat\\u00e1logo de Productos\"}},{\"@type\":\"ListItem\",\"position\":3,\"item\":{\"@type\":\"WebPage\",\"@id\":\"https:\/\/www.comercialanma.es\/?product=champagne-g-h-mumm-cordon-rouge-brut-magnum-15l\",\"url\":\"https:\/\/www.comercialanma.es\/?product=champagne-g-h-mumm-cordon-rouge-brut-magnum-15l\",\"name\":\"Champagne G.H. Mumm Cordon Rouge Brut Magnum 1,5L.\"}}]}]}<\/script>\n<!-- \/ Yoast SEO plugin. -->","_links":{"self":[{"href":"https:\/\/www.comercialanma.es\/index.php?rest_route=\/wp\/v2\/product\/9879"}],"collection":[{"href":"https:\/\/www.comercialanma.es\/index.php?rest_route=\/wp\/v2\/product"}],"about":[{"href":"https:\/\/www.comercialanma.es\/index.php?rest_route=\/wp\/v2\/types\/product"}],"version-history":[{"count":1,"href":"https:\/\/www.comercialanma.es\/index.php?rest_route=\/wp\/v2\/product\/9879\/revisions"}],"predecessor-version":[{"id":9880,"href":"https:\/\/www.comercialanma.es\/index.php?rest_route=\/wp\/v2\/product\/9879\/revisions\/9880"}],"wp:featuredmedia":[{"embeddable":true,"href":"https:\/\/www.comercialanma.es\/index.php?rest_route=\/wp\/v2\/media\/9768"}],"wp:attachment":[{"href":"https:\/\/www.comercialanma.es\/index.php?rest_route=%2Fwp%2Fv2%2Fmedia&parent=9879"}],"curies":[{"name":"wp","href":"https:\/\/api.w.org\/{rel}","templated":true}]}}