
{"id":9951,"date":"2019-08-27T16:04:15","date_gmt":"2019-08-27T14:04:15","guid":{"rendered":"http:\/\/www.comercialanma.es\/?post_type=product&#038;p=9951"},"modified":"2019-08-27T16:07:03","modified_gmt":"2019-08-27T14:07:03","slug":"cava-juve-camps-reserva-familia-brut-nature-75cl","status":"publish","type":"product","link":"https:\/\/www.comercialanma.es\/?product=cava-juve-camps-reserva-familia-brut-nature-75cl","title":{"rendered":"Cava Juve &#038; Camps Reserva Familia Brut Nature 75cl."},"content":{"rendered":"<h3>D.O.:<\/h3>\n<ul>\n<li>Cava<\/li>\n<\/ul>\n<h3>Variedad:<\/h3>\n<ul>\n<li>Xarel\u00b7lo, Macabeo, Parellada.<\/li>\n<\/ul>\n<h3>Nota de cata:<\/h3>\n<div id=\"tab_cata_2010\" class=\"tab_content catas_review_container\">\n<ul>\n<li class=\"sp catas_review col-xs-12 nopadding\"><span class=\"cata_title\">Cata a la vista:<\/span> <span class=\"cata_content\">Bonito color dorado p\u00e1lido, de abundante y fina burbuja.<\/span><\/li>\n<li class=\"sp catas_review col-xs-12 nopadding\"><span class=\"cata_title\">Cata en nariz:<\/span> <span class=\"cata_content\">En nariz presencia de mucha fruta. Fruta blanca como pera y mel\u00f3n y fruta c\u00edtrica como pomelo y lim\u00f3n. Va creciendo en complejidad y aparecen recuerdos a miel, frutos secos y algo de boller\u00eda.<\/span><\/li>\n<li class=\"sp catas_review col-xs-12 nopadding\"><span class=\"cata_title\">Cata en boca:<\/span> <span class=\"cata_content\">En boca resulta muy agradable, con el carb\u00f3nico muy bien integrado. Los aromas presentes en nariz se perciben tambi\u00e9n en boca, con una dominancia de la fruta c\u00edtrica con algunos recuerdos florales.<\/span><\/li>\n<li class=\"sp catas_review col-xs-12 nopadding\">Graduaci\u00f3n: 12% vol.<\/li>\n<\/ul>\n<\/div>\n","protected":false},"excerpt":{"rendered":"<p>Juv\u00e9 &amp; Camps Reserva de la Familia\u00a0es un cava elaborado por la familiar bodega Juv\u00e9 &amp; Camps, situada en Sant Sadurn\u00ed d&#8217;Anoia y amparada por la D.O. Cava.<br \/>\nJuv\u00e9 &amp; Camps sigue manteniendo el proceso de elaboraci\u00f3n como lo hac\u00edan sus antepasados hace m\u00e1s de 200 a\u00f1os. Un proceso artesanal que tiene como resultado unos excelentes cavas, de gran fama internacional.<\/p>\n","protected":false},"featured_media":9952,"template":"","meta":{"spay_email":""},"yoast_head":"<!-- This site is optimized with the Yoast SEO plugin v15.9 - https:\/\/yoast.com\/wordpress\/plugins\/seo\/ -->\n<title>Cava Juve &amp; Camps Reserva Familia Brut Nature 75cl. - Comercial de Hosteleria Anma<\/title>\n<meta name=\"robots\" content=\"index, follow, max-snippet:-1, max-image-preview:large, max-video-preview:-1\" \/>\n<link rel=\"canonical\" href=\"https:\/\/www.comercialanma.es\/?product=cava-juve-camps-reserva-familia-brut-nature-75cl\" \/>\n<meta property=\"og:locale\" content=\"es_ES\" \/>\n<meta property=\"og:type\" content=\"article\" \/>\n<meta property=\"og:title\" content=\"Cava Juve &amp; Camps Reserva Familia Brut Nature 75cl. - Comercial de Hosteleria Anma\" \/>\n<meta property=\"og:description\" content=\"Juv\u00e9 &amp; Camps Reserva de la Familia\u00a0es un cava elaborado por la familiar bodega Juv\u00e9 &amp; Camps, situada en Sant Sadurn\u00ed d&#039;Anoia y amparada por la D.O. Cava. Juv\u00e9 &amp; Camps sigue manteniendo el proceso de elaboraci\u00f3n como lo hac\u00edan sus antepasados hace m\u00e1s de 200 a\u00f1os. Un proceso artesanal que tiene como resultado unos excelentes cavas, de gran fama internacional.\" \/>\n<meta property=\"og:url\" content=\"https:\/\/www.comercialanma.es\/?product=cava-juve-camps-reserva-familia-brut-nature-75cl\" \/>\n<meta property=\"og:site_name\" content=\"Comercial de Hosteleria Anma\" \/>\n<meta property=\"article:publisher\" content=\"https:\/\/www.facebook.com\/AnmaHosteleria\" \/>\n<meta property=\"article:modified_time\" content=\"2019-08-27T14:07:03+00:00\" \/>\n<meta property=\"og:image\" content=\"https:\/\/i1.wp.com\/www.comercialanma.es\/wp-content\/uploads\/2019\/08\/Juve-Reserva-Familia-Brut-Nature.jpg?fit=1200%2C1200&#038;ssl=1\" \/>\n\t<meta property=\"og:image:width\" content=\"1200\" \/>\n\t<meta property=\"og:image:height\" content=\"1200\" \/>\n<meta name=\"twitter:card\" content=\"summary_large_image\" \/>\n<meta name=\"twitter:label1\" content=\"Tiempo de lectura\">\n\t<meta name=\"twitter:data1\" content=\"1 minuto\">\n<script type=\"application\/ld+json\" class=\"yoast-schema-graph\">{\"@context\":\"https:\/\/schema.org\",\"@graph\":[{\"@type\":\"Organization\",\"@id\":\"https:\/\/www.comercialanma.es\/#organization\",\"name\":\"Comercial Anma\",\"url\":\"https:\/\/www.comercialanma.es\/\",\"sameAs\":[\"https:\/\/www.facebook.com\/AnmaHosteleria\",\"https:\/\/www.instagram.com\/anmahosteleria\/?hl=es\",\"https:\/\/www.youtube.com\/channel\/UCT2nmn08Ntks0hmpZPnDgCA\"],\"logo\":{\"@type\":\"ImageObject\",\"@id\":\"https:\/\/www.comercialanma.es\/#logo\",\"inLanguage\":\"es\",\"url\":\"https:\/\/i2.wp.com\/www.comercialanma.es\/wp-content\/uploads\/2019\/06\/logo-anma-color.png?fit=247%2C101&ssl=1\",\"width\":247,\"height\":101,\"caption\":\"Comercial Anma\"},\"image\":{\"@id\":\"https:\/\/www.comercialanma.es\/#logo\"}},{\"@type\":\"WebSite\",\"@id\":\"https:\/\/www.comercialanma.es\/#website\",\"url\":\"https:\/\/www.comercialanma.es\/\",\"name\":\"Comercial de Hosteleria Anma\",\"description\":\"\",\"publisher\":{\"@id\":\"https:\/\/www.comercialanma.es\/#organization\"},\"potentialAction\":[{\"@type\":\"SearchAction\",\"target\":\"https:\/\/www.comercialanma.es\/?s={search_term_string}\",\"query-input\":\"required name=search_term_string\"}],\"inLanguage\":\"es\"},{\"@type\":\"ImageObject\",\"@id\":\"https:\/\/www.comercialanma.es\/?product=cava-juve-camps-reserva-familia-brut-nature-75cl#primaryimage\",\"inLanguage\":\"es\",\"url\":\"https:\/\/i1.wp.com\/www.comercialanma.es\/wp-content\/uploads\/2019\/08\/Juve-Reserva-Familia-Brut-Nature.jpg?fit=1200%2C1200&ssl=1\",\"width\":1200,\"height\":1200},{\"@type\":\"WebPage\",\"@id\":\"https:\/\/www.comercialanma.es\/?product=cava-juve-camps-reserva-familia-brut-nature-75cl#webpage\",\"url\":\"https:\/\/www.comercialanma.es\/?product=cava-juve-camps-reserva-familia-brut-nature-75cl\",\"name\":\"Cava Juve & Camps Reserva Familia Brut Nature 75cl. - Comercial de Hosteleria Anma\",\"isPartOf\":{\"@id\":\"https:\/\/www.comercialanma.es\/#website\"},\"primaryImageOfPage\":{\"@id\":\"https:\/\/www.comercialanma.es\/?product=cava-juve-camps-reserva-familia-brut-nature-75cl#primaryimage\"},\"datePublished\":\"2019-08-27T14:04:15+00:00\",\"dateModified\":\"2019-08-27T14:07:03+00:00\",\"breadcrumb\":{\"@id\":\"https:\/\/www.comercialanma.es\/?product=cava-juve-camps-reserva-familia-brut-nature-75cl#breadcrumb\"},\"inLanguage\":\"es\",\"potentialAction\":[{\"@type\":\"ReadAction\",\"target\":[\"https:\/\/www.comercialanma.es\/?product=cava-juve-camps-reserva-familia-brut-nature-75cl\"]}]},{\"@type\":\"BreadcrumbList\",\"@id\":\"https:\/\/www.comercialanma.es\/?product=cava-juve-camps-reserva-familia-brut-nature-75cl#breadcrumb\",\"itemListElement\":[{\"@type\":\"ListItem\",\"position\":1,\"item\":{\"@type\":\"WebPage\",\"@id\":\"https:\/\/www.comercialanma.es\/\",\"url\":\"https:\/\/www.comercialanma.es\/\",\"name\":\"Portada\"}},{\"@type\":\"ListItem\",\"position\":2,\"item\":{\"@type\":\"WebPage\",\"@id\":\"https:\/\/www.comercialanma.es\/?page_id=3963\",\"url\":\"https:\/\/www.comercialanma.es\/?page_id=3963\",\"name\":\"Cat\\u00e1logo de Productos\"}},{\"@type\":\"ListItem\",\"position\":3,\"item\":{\"@type\":\"WebPage\",\"@id\":\"https:\/\/www.comercialanma.es\/?product=cava-juve-camps-reserva-familia-brut-nature-75cl\",\"url\":\"https:\/\/www.comercialanma.es\/?product=cava-juve-camps-reserva-familia-brut-nature-75cl\",\"name\":\"Cava Juve &#038; Camps Reserva Familia Brut Nature 75cl.\"}}]}]}<\/script>\n<!-- \/ Yoast SEO plugin. -->","_links":{"self":[{"href":"https:\/\/www.comercialanma.es\/index.php?rest_route=\/wp\/v2\/product\/9951"}],"collection":[{"href":"https:\/\/www.comercialanma.es\/index.php?rest_route=\/wp\/v2\/product"}],"about":[{"href":"https:\/\/www.comercialanma.es\/index.php?rest_route=\/wp\/v2\/types\/product"}],"version-history":[{"count":1,"href":"https:\/\/www.comercialanma.es\/index.php?rest_route=\/wp\/v2\/product\/9951\/revisions"}],"predecessor-version":[{"id":9953,"href":"https:\/\/www.comercialanma.es\/index.php?rest_route=\/wp\/v2\/product\/9951\/revisions\/9953"}],"wp:featuredmedia":[{"embeddable":true,"href":"https:\/\/www.comercialanma.es\/index.php?rest_route=\/wp\/v2\/media\/9952"}],"wp:attachment":[{"href":"https:\/\/www.comercialanma.es\/index.php?rest_route=%2Fwp%2Fv2%2Fmedia&parent=9951"}],"curies":[{"name":"wp","href":"https:\/\/api.w.org\/{rel}","templated":true}]}}